{"id":3244,"date":"2025-12-12T22:38:44","date_gmt":"2025-12-12T21:38:44","guid":{"rendered":"https:\/\/casa-carma.com\/?page_id=3244"},"modified":"2025-12-18T19:37:37","modified_gmt":"2025-12-18T18:37:37","slug":"impressum","status":"publish","type":"page","link":"https:\/\/casa-carma.com\/en\/impressum\/","title":{"rendered":"Legal Notice"},"content":{"rendered":"\t\t<div data-elementor-type=\"wp-page\" data-elementor-id=\"3244\" class=\"elementor elementor-3244\" data-elementor-post-type=\"page\">\n\t\t\t\t<div class=\"elementor-element elementor-element-ce174d4 e-con-full e-flex e-con e-parent\" data-id=\"ce174d4\" data-element_type=\"container\" data-e-type=\"container\" data-settings=\"{&quot;background_background&quot;:&quot;classic&quot;}\">\n\t\t<div class=\"elementor-element elementor-element-e94c2d1 e-con-full e-flex e-con e-child\" data-id=\"e94c2d1\" data-element_type=\"container\" data-e-type=\"container\" data-settings=\"{&quot;background_background&quot;:&quot;classic&quot;}\">\n\t\t\t\t<div class=\"elementor-element elementor-element-4486d8c elementor-widget elementor-widget-heading\" data-id=\"4486d8c\" data-element_type=\"widget\" data-e-type=\"widget\" data-widget_type=\"heading.default\">\n\t\t\t\t<div class=\"elementor-widget-container\">\n\t\t\t\t\t<h1 class=\"elementor-heading-title elementor-size-default\">Impressum<\/h1>\t\t\t\t<\/div>\n\t\t\t\t<\/div>\n\t\t\t\t<\/div>\n\t\t\t\t<\/div>\n\t\t<div class=\"elementor-element elementor-element-da77d94 e-flex e-con-boxed e-con e-parent\" data-id=\"da77d94\" data-element_type=\"container\" data-e-type=\"container\" data-settings=\"{&quot;background_background&quot;:&quot;classic&quot;}\">\n\t\t\t\t\t<div class=\"e-con-inner\">\n\t\t<div class=\"elementor-element elementor-element-427063d e-con-full e-flex e-con e-child\" data-id=\"427063d\" data-element_type=\"container\" data-e-type=\"container\" data-settings=\"{&quot;background_background&quot;:&quot;classic&quot;}\">\n\t\t\t\t<div class=\"elementor-element elementor-element-401aeba elementor-widget elementor-widget-text-editor\" data-id=\"401aeba\" data-element_type=\"widget\" data-e-type=\"widget\" data-widget_type=\"text-editor.default\">\n\t\t\t\t<div class=\"elementor-widget-container\">\n\t\t\t\t\t\t\t\t\t<p><strong>Angaben gem\u00e4\u00df \u00a7 5 TMG und Art. 14 DSGVO<\/strong><\/p><p><strong>Anbieterin<\/strong><\/p><p>Casa Carma Single Member P.C.<br \/>Lachania 113<br \/>85109 Rhodes Dodecanese<br \/>Griechenland<\/p><p><strong>Kontakt<\/strong><\/p><p>Telefon: +49 151 19613115<br \/>E-Mail: franzi[at]casa-carma.com<br \/>Website: www.casa-carma.com<\/p><p><strong>Rechtsform<\/strong><\/p><p>Single Member Private Company (Griechenland)<\/p><p><strong>Registereintrag<\/strong><\/p><p>Eingetragen im Handelsregister von Griechenland (GEMI)<br \/>Registernummer: 159448820000\u00a0<\/p><p><strong>Umsatzsteuer\u00a0<\/strong><\/p><p>Umsatzsteuer-Identifikationsnummer gem\u00e4\u00df Art. 135 MwStSystRL: 175566306<\/p><p><strong>Verantwortlich f\u00fcr den Inhalt nach \u00a7 55 Abs. 2 RStV<\/strong><\/p><p>Casa Carma Single Member P.C.<br \/>Lachania 113<br \/>85109 Rhodes Dodecanese<br \/>Griechenland<\/p><p><strong>EU-Streitschlichtung<\/strong><\/p><p>Die Europ\u00e4ische Kommission stellt eine Plattform zur Online-Streitbeilegung (OS) bereit:<br \/>https:\/\/ec.europa.eu\/consumers\/odr<\/p><p>Wir sind nicht verpflichtet und nicht bereit, an Streitbeilegungsverfahren vor einer Verbraucherschlichtungsstelle teilzunehmen.<\/p><p><strong>Haftung f\u00fcr Inhalte<\/strong><\/p><p>Als Diensteanbieter sind wir gem\u00e4\u00df \u00a7 7 Abs. 1 TMG f\u00fcr eigene Inhalte auf diesen Seiten nach den allgemeinen Gesetzen verantwortlich.<br \/>Nach \u00a7\u00a7 8 bis 10 TMG sind wir jedoch nicht verpflichtet, \u00fcbermittelte oder gespeicherte fremde Informationen zu \u00fcberwachen.<\/p><p><strong>Haftung f\u00fcr Links<\/strong><\/p><p>Unsere Website enth\u00e4lt Links zu externen Websites Dritter, auf deren Inhalte wir keinen Einfluss haben.<br \/>F\u00fcr diese fremden Inhalte \u00fcbernehmen wir keine Gew\u00e4hr.<\/p><p><strong>Urheberrecht<\/strong><\/p><p>Die durch die Seitenbetreiberin erstellten Inhalte und Werke auf dieser Website unterliegen dem Urheberrecht.<br \/>Eine Vervielf\u00e4ltigung, Bearbeitung oder Verbreitung bedarf der schriftlichen Zustimmung.<\/p>\t\t\t\t\t\t\t\t<\/div>\n\t\t\t\t<\/div>\n\t\t\t\t<\/div>\n\t\t\t\t\t<\/div>\n\t\t\t\t<\/div>\n\t\t\t\t<\/div>\n\t\t","protected":false},"excerpt":{"rendered":"<p>Impressum Angaben gem\u00e4\u00df \u00a7 5 TMG und Art. 14 DSGVO Anbieterin Casa Carma Single Member P.C.Lachania 11385109 Rhodes DodecaneseGriechenland Kontakt Telefon: +49 151 19613115E-Mail: franzi[at]casa-carma.comWebsite: www.casa-carma.com Rechtsform Single Member Private Company (Griechenland) Registereintrag Eingetragen im Handelsregister von Griechenland (GEMI)Registernummer: 159448820000\u00a0 Umsatzsteuer\u00a0 Umsatzsteuer-Identifikationsnummer gem\u00e4\u00df Art. 135 MwStSystRL: 175566306 Verantwortlich f\u00fcr den Inhalt nach \u00a7 55 Abs. [&hellip;]<\/p>\n","protected":false},"author":2,"featured_media":0,"parent":0,"menu_order":0,"comment_status":"closed","ping_status":"closed","template":"","meta":{"footnotes":""},"class_list":["post-3244","page","type-page","status-publish","hentry"],"_links":{"self":[{"href":"https:\/\/casa-carma.com\/en\/wp-json\/wp\/v2\/pages\/3244","targetHints":{"allow":["GET"]}}],"collection":[{"href":"https:\/\/casa-carma.com\/en\/wp-json\/wp\/v2\/pages"}],"about":[{"href":"https:\/\/casa-carma.com\/en\/wp-json\/wp\/v2\/types\/page"}],"author":[{"embeddable":true,"href":"https:\/\/casa-carma.com\/en\/wp-json\/wp\/v2\/users\/2"}],"replies":[{"embeddable":true,"href":"https:\/\/casa-carma.com\/en\/wp-json\/wp\/v2\/comments?post=3244"}],"version-history":[{"count":22,"href":"https:\/\/casa-carma.com\/en\/wp-json\/wp\/v2\/pages\/3244\/revisions"}],"predecessor-version":[{"id":3510,"href":"https:\/\/casa-carma.com\/en\/wp-json\/wp\/v2\/pages\/3244\/revisions\/3510"}],"wp:attachment":[{"href":"https:\/\/casa-carma.com\/en\/wp-json\/wp\/v2\/media?parent=3244"}],"curies":[{"name":"wp","href":"https:\/\/api.w.org\/{rel}","templated":true}]}}