{"id":25,"date":"2021-12-14T09:54:51","date_gmt":"2021-12-14T08:54:51","guid":{"rendered":"https:\/\/casa-carma.com\/?page_id=25"},"modified":"2025-12-18T19:34:27","modified_gmt":"2025-12-18T18:34:27","slug":"kontakt-contact-casa-carma-luxury-villas-pool","status":"publish","type":"page","link":"https:\/\/casa-carma.com\/en\/kontakt-contact-casa-carma-luxury-villas-pool\/","title":{"rendered":"Contact"},"content":{"rendered":"\t\t<div data-elementor-type=\"wp-page\" data-elementor-id=\"25\" class=\"elementor elementor-25\" data-elementor-post-type=\"page\">\n\t\t\t\t<div class=\"elementor-element elementor-element-d223bd6 e-con-full e-flex e-con e-parent\" data-id=\"d223bd6\" data-element_type=\"container\" data-e-type=\"container\" data-settings=\"{&quot;background_background&quot;:&quot;classic&quot;}\">\n\t\t<div class=\"elementor-element elementor-element-60af73e e-con-full e-flex e-con e-child\" data-id=\"60af73e\" data-element_type=\"container\" data-e-type=\"container\" data-settings=\"{&quot;background_background&quot;:&quot;classic&quot;}\">\n\t\t\t\t<div class=\"elementor-element elementor-element-0a4feb7 elementor-widget elementor-widget-heading\" data-id=\"0a4feb7\" data-element_type=\"widget\" data-e-type=\"widget\" data-widget_type=\"heading.default\">\n\t\t\t\t<div class=\"elementor-widget-container\">\n\t\t\t\t\t<h1 class=\"elementor-heading-title elementor-size-default\">Kontakt<\/h1>\t\t\t\t<\/div>\n\t\t\t\t<\/div>\n\t\t\t\t<div class=\"elementor-element elementor-element-6a137a0 elementor-widget elementor-widget-text-editor\" data-id=\"6a137a0\" data-element_type=\"widget\" data-e-type=\"widget\" data-widget_type=\"text-editor.default\">\n\t\t\t\t<div class=\"elementor-widget-container\">\n\t\t\t\t\t\t\t\t\tUnser Casa Carma Team\n\t\t\t\t\t\t\t\t<\/div>\n\t\t\t\t<\/div>\n\t\t\t\t<\/div>\n\t\t\t\t<\/div>\n\t\t<div class=\"elementor-element elementor-element-77fa196 e-con-full e-grid e-con e-parent\" data-id=\"77fa196\" data-element_type=\"container\" data-e-type=\"container\" data-settings=\"{&quot;background_background&quot;:&quot;classic&quot;}\">\n\t\t<div class=\"elementor-element elementor-element-2e12399 e-con-full e-flex e-con e-child\" data-id=\"2e12399\" data-element_type=\"container\" data-e-type=\"container\" data-settings=\"{&quot;background_background&quot;:&quot;classic&quot;}\">\n\t\t<div class=\"elementor-element elementor-element-aa2b55e e-con-full e-flex e-con e-child\" data-id=\"aa2b55e\" data-element_type=\"container\" data-e-type=\"container\" data-settings=\"{&quot;background_background&quot;:&quot;classic&quot;}\">\n\t\t\t\t<div class=\"elementor-element elementor-element-8c85a8b elementor-widget elementor-widget-image\" data-id=\"8c85a8b\" data-element_type=\"widget\" data-e-type=\"widget\" data-widget_type=\"image.default\">\n\t\t\t\t<div class=\"elementor-widget-container\">\n\t\t\t\t\t\t\t\t\t\t\t\t\t\t\t<img fetchpriority=\"high\" decoding=\"async\" width=\"800\" height=\"985\" src=\"https:\/\/casa-carma.com\/wp-content\/uploads\/2025\/12\/villa-casa-carma-5-rhodes-1-1.webp\" class=\"attachment-large size-large wp-image-3321\" alt=\"\" srcset=\"https:\/\/casa-carma.com\/wp-content\/uploads\/2025\/12\/villa-casa-carma-5-rhodes-1-1.webp 832w, https:\/\/casa-carma.com\/wp-content\/uploads\/2025\/12\/villa-casa-carma-5-rhodes-1-1-244x300.webp 244w, https:\/\/casa-carma.com\/wp-content\/uploads\/2025\/12\/villa-casa-carma-5-rhodes-1-1-768x945.webp 768w, https:\/\/casa-carma.com\/wp-content\/uploads\/2025\/12\/villa-casa-carma-5-rhodes-1-1-10x12.webp 10w\" sizes=\"(max-width: 800px) 100vw, 800px\" \/>\t\t\t\t\t\t\t\t\t\t\t\t\t\t\t<\/div>\n\t\t\t\t<\/div>\n\t\t<div class=\"elementor-element elementor-element-d93d29e e-con-full e-flex e-con e-child\" data-id=\"d93d29e\" data-element_type=\"container\" data-e-type=\"container\">\n\t\t\t\t<div class=\"elementor-element elementor-element-20e2b8e elementor-widget elementor-widget-heading\" data-id=\"20e2b8e\" data-element_type=\"widget\" data-e-type=\"widget\" data-widget_type=\"heading.default\">\n\t\t\t\t<div class=\"elementor-widget-container\">\n\t\t\t\t\t<h2 class=\"elementor-heading-title elementor-size-default\">Orga im Vorfeld\n<\/h2>\t\t\t\t<\/div>\n\t\t\t\t<\/div>\n\t\t\t\t<div class=\"elementor-element elementor-element-bb5fc48 elementor-widget elementor-widget-text-editor\" data-id=\"bb5fc48\" data-element_type=\"widget\" data-e-type=\"widget\" data-widget_type=\"text-editor.default\">\n\t\t\t\t<div class=\"elementor-widget-container\">\n\t\t\t\t\t\t\t\t\tFranzi ist f\u00fcr euch da, wenn ihr buchen m\u00f6chtet oder eurer Urlaub geplant wird (deutsch und englisch).\n\t\t\t\t\t\t\t\t<\/div>\n\t\t\t\t<\/div>\n\t\t\t\t<\/div>\n\t\t\t\t<div class=\"elementor-element elementor-element-075feb0 elementor-align-center elementor-widget elementor-widget-button\" data-id=\"075feb0\" data-element_type=\"widget\" data-e-type=\"widget\" data-widget_type=\"button.default\">\n\t\t\t\t<div class=\"elementor-widget-container\">\n\t\t\t\t\t\t\t\t\t<div class=\"elementor-button-wrapper\">\n\t\t\t\t\t<a class=\"elementor-button elementor-button-link elementor-size-sm\" href=\"mailto:franzi@casa-carma.com\">\n\t\t\t\t\t\t<span class=\"elementor-button-content-wrapper\">\n\t\t\t\t\t\t\t\t\t<span class=\"elementor-button-text\">Mail senden<\/span>\n\t\t\t\t\t<\/span>\n\t\t\t\t\t<\/a>\n\t\t\t\t<\/div>\n\t\t\t\t\t\t\t\t<\/div>\n\t\t\t\t<\/div>\n\t\t\t\t<\/div>\n\t\t\t\t<\/div>\n\t\t<div class=\"elementor-element elementor-element-a24d59c e-con-full e-flex e-con e-child\" data-id=\"a24d59c\" data-element_type=\"container\" data-e-type=\"container\" data-settings=\"{&quot;background_background&quot;:&quot;classic&quot;}\">\n\t\t<div class=\"elementor-element elementor-element-24c9cef e-con-full e-flex e-con e-child\" data-id=\"24c9cef\" data-element_type=\"container\" data-e-type=\"container\" data-settings=\"{&quot;background_background&quot;:&quot;classic&quot;}\">\n\t\t\t\t<div class=\"elementor-element elementor-element-ae5d765 elementor-widget elementor-widget-image\" data-id=\"ae5d765\" data-element_type=\"widget\" data-e-type=\"widget\" data-widget_type=\"image.default\">\n\t\t\t\t<div class=\"elementor-widget-container\">\n\t\t\t\t\t\t\t\t\t\t\t\t\t\t\t<img decoding=\"async\" width=\"768\" height=\"1024\" src=\"https:\/\/casa-carma.com\/wp-content\/uploads\/2025\/12\/villa-casa-carma-5-rhodes-3-1-768x1024.webp\" class=\"attachment-large size-large wp-image-3323\" alt=\"\" srcset=\"https:\/\/casa-carma.com\/wp-content\/uploads\/2025\/12\/villa-casa-carma-5-rhodes-3-1-768x1024.webp 768w, https:\/\/casa-carma.com\/wp-content\/uploads\/2025\/12\/villa-casa-carma-5-rhodes-3-1-225x300.webp 225w, https:\/\/casa-carma.com\/wp-content\/uploads\/2025\/12\/villa-casa-carma-5-rhodes-3-1-1152x1536.webp 1152w, https:\/\/casa-carma.com\/wp-content\/uploads\/2025\/12\/villa-casa-carma-5-rhodes-3-1-9x12.webp 9w, https:\/\/casa-carma.com\/wp-content\/uploads\/2025\/12\/villa-casa-carma-5-rhodes-3-1.webp 1440w\" sizes=\"(max-width: 768px) 100vw, 768px\" \/>\t\t\t\t\t\t\t\t\t\t\t\t\t\t\t<\/div>\n\t\t\t\t<\/div>\n\t\t<div class=\"elementor-element elementor-element-ca8b6c8 e-con-full e-flex e-con e-child\" data-id=\"ca8b6c8\" data-element_type=\"container\" data-e-type=\"container\">\n\t\t\t\t<div class=\"elementor-element elementor-element-5b90947 elementor-widget elementor-widget-heading\" data-id=\"5b90947\" data-element_type=\"widget\" data-e-type=\"widget\" data-widget_type=\"heading.default\">\n\t\t\t\t<div class=\"elementor-widget-container\">\n\t\t\t\t\t<h2 class=\"elementor-heading-title elementor-size-default\">Grund&shy;s\u00e4tzliche Fragen<\/h2>\t\t\t\t<\/div>\n\t\t\t\t<\/div>\n\t\t\t\t<div class=\"elementor-element elementor-element-8842963 elementor-widget elementor-widget-text-editor\" data-id=\"8842963\" data-element_type=\"widget\" data-e-type=\"widget\" data-widget_type=\"text-editor.default\">\n\t\t\t\t<div class=\"elementor-widget-container\">\n\t\t\t\t\t\t\t\t\t<p>Es gibt etwas, das euch nur Carmen als Eigen\u00adt\u00fcmerin beantworten kann? Schreibt gerne.<\/p>\t\t\t\t\t\t\t\t<\/div>\n\t\t\t\t<\/div>\n\t\t\t\t<\/div>\n\t\t\t\t<div class=\"elementor-element elementor-element-71eed15 elementor-align-center elementor-widget elementor-widget-button\" data-id=\"71eed15\" data-element_type=\"widget\" data-e-type=\"widget\" data-widget_type=\"button.default\">\n\t\t\t\t<div class=\"elementor-widget-container\">\n\t\t\t\t\t\t\t\t\t<div class=\"elementor-button-wrapper\">\n\t\t\t\t\t<a class=\"elementor-button elementor-button-link elementor-size-sm\" href=\"mailto:carmen@casa-carma.com\">\n\t\t\t\t\t\t<span class=\"elementor-button-content-wrapper\">\n\t\t\t\t\t\t\t\t\t<span class=\"elementor-button-text\">Mail senden<\/span>\n\t\t\t\t\t<\/span>\n\t\t\t\t\t<\/a>\n\t\t\t\t<\/div>\n\t\t\t\t\t\t\t\t<\/div>\n\t\t\t\t<\/div>\n\t\t\t\t<\/div>\n\t\t\t\t<\/div>\n\t\t<div class=\"elementor-element elementor-element-a12f59d e-con-full e-flex e-con e-child\" data-id=\"a12f59d\" data-element_type=\"container\" data-e-type=\"container\" data-settings=\"{&quot;background_background&quot;:&quot;classic&quot;}\">\n\t\t<div class=\"elementor-element elementor-element-8e7e0dd e-con-full e-flex e-con e-child\" data-id=\"8e7e0dd\" data-element_type=\"container\" data-e-type=\"container\" data-settings=\"{&quot;background_background&quot;:&quot;classic&quot;}\">\n\t\t\t\t<div class=\"elementor-element elementor-element-7853aca elementor-widget elementor-widget-image\" data-id=\"7853aca\" data-element_type=\"widget\" data-e-type=\"widget\" data-widget_type=\"image.default\">\n\t\t\t\t<div class=\"elementor-widget-container\">\n\t\t\t\t\t\t\t\t\t\t\t\t\t\t\t<img decoding=\"async\" width=\"768\" height=\"1024\" src=\"https:\/\/casa-carma.com\/wp-content\/uploads\/2025\/12\/villa-casa-carma-5-rhodes-2-1-768x1024.webp\" class=\"attachment-large size-large wp-image-3322\" alt=\"\" srcset=\"https:\/\/casa-carma.com\/wp-content\/uploads\/2025\/12\/villa-casa-carma-5-rhodes-2-1-768x1024.webp 768w, https:\/\/casa-carma.com\/wp-content\/uploads\/2025\/12\/villa-casa-carma-5-rhodes-2-1-225x300.webp 225w, https:\/\/casa-carma.com\/wp-content\/uploads\/2025\/12\/villa-casa-carma-5-rhodes-2-1-1152x1536.webp 1152w, https:\/\/casa-carma.com\/wp-content\/uploads\/2025\/12\/villa-casa-carma-5-rhodes-2-1-9x12.webp 9w, https:\/\/casa-carma.com\/wp-content\/uploads\/2025\/12\/villa-casa-carma-5-rhodes-2-1.webp 1440w\" sizes=\"(max-width: 768px) 100vw, 768px\" \/>\t\t\t\t\t\t\t\t\t\t\t\t\t\t\t<\/div>\n\t\t\t\t<\/div>\n\t\t<div class=\"elementor-element elementor-element-d58af84 e-con-full e-flex e-con e-child\" data-id=\"d58af84\" data-element_type=\"container\" data-e-type=\"container\">\n\t\t\t\t<div class=\"elementor-element elementor-element-af2c9c0 elementor-widget elementor-widget-heading\" data-id=\"af2c9c0\" data-element_type=\"widget\" data-e-type=\"widget\" data-widget_type=\"heading.default\">\n\t\t\t\t<div class=\"elementor-widget-container\">\n\t\t\t\t\t<h2 class=\"elementor-heading-title elementor-size-default\">Betreuung vor Ort <\/h2>\t\t\t\t<\/div>\n\t\t\t\t<\/div>\n\t\t\t\t<div class=\"elementor-element elementor-element-6a53f82 elementor-widget elementor-widget-text-editor\" data-id=\"6a53f82\" data-element_type=\"widget\" data-e-type=\"widget\" data-widget_type=\"text-editor.default\">\n\t\t\t\t<div class=\"elementor-widget-container\">\n\t\t\t\t\t\t\t\t\t<p>Sobald ihr anreist, \u00fcbernimmt unsere liebe Despina eure Betreuung (griechisch und englisch).<\/p><p>Mobilnummer erhaltet ihr im Welcome Book<\/p>\t\t\t\t\t\t\t\t<\/div>\n\t\t\t\t<\/div>\n\t\t\t\t<\/div>\n\t\t\t\t<\/div>\n\t\t\t\t<\/div>\n\t\t\t\t<\/div>\n\t\t<div class=\"elementor-element elementor-element-487da62 e-con-full e-flex e-con e-parent\" data-id=\"487da62\" data-element_type=\"container\" data-e-type=\"container\" data-settings=\"{&quot;background_background&quot;:&quot;classic&quot;,&quot;background_motion_fx_motion_fx_scrolling&quot;:&quot;yes&quot;,&quot;background_motion_fx_scale_effect&quot;:&quot;yes&quot;,&quot;background_motion_fx_scale_direction&quot;:&quot;out-in&quot;,&quot;background_motion_fx_scale_speed&quot;:{&quot;unit&quot;:&quot;px&quot;,&quot;size&quot;:4,&quot;sizes&quot;:[]},&quot;background_motion_fx_scale_range&quot;:{&quot;unit&quot;:&quot;%&quot;,&quot;size&quot;:&quot;&quot;,&quot;sizes&quot;:{&quot;start&quot;:20,&quot;end&quot;:80}},&quot;background_motion_fx_devices&quot;:[&quot;desktop&quot;,&quot;laptop&quot;,&quot;tablet_extra&quot;,&quot;tablet&quot;,&quot;mobile&quot;]}\">\n\t\t<div class=\"elementor-element elementor-element-e7dd725 e-con-full e-flex e-con e-child\" data-id=\"e7dd725\" data-element_type=\"container\" data-e-type=\"container\" data-settings=\"{&quot;background_background&quot;:&quot;classic&quot;}\">\n\t\t\t\t<div class=\"elementor-element elementor-element-145a377 elementor-widget elementor-widget-heading\" data-id=\"145a377\" data-element_type=\"widget\" data-e-type=\"widget\" data-widget_type=\"heading.default\">\n\t\t\t\t<div class=\"elementor-widget-container\">\n\t\t\t\t\t<h2 class=\"elementor-heading-title elementor-size-default\">Die Menschen hinter Casa Carma\n<\/h2>\t\t\t\t<\/div>\n\t\t\t\t<\/div>\n\t\t<div class=\"elementor-element elementor-element-481e945 e-con-full e-flex e-con e-child\" data-id=\"481e945\" data-element_type=\"container\" data-e-type=\"container\">\n\t\t\t\t<div class=\"elementor-element elementor-element-2d071db elementor-widget elementor-widget-text-editor\" data-id=\"2d071db\" data-element_type=\"widget\" data-e-type=\"widget\" data-widget_type=\"text-editor.default\">\n\t\t\t\t<div class=\"elementor-widget-container\">\n\t\t\t\t\t\t\t\t\t<p>Casa Carma ist ein Herzens\u00adprojekt unserer Familie. Ende 2020 beschlossen wir, unser Unter\u00adnehmen zu verkaufen und ein Jahr in Gennadi zu verbringen \u2013 ein Jahr, das uns mehr ver\u00e4ndert hat, als wir erwartet hatten. In dieser Zeit stie\u00dfen wir auf ein altes, wundersch\u00f6n verwittertes Haus in Lachania. Kaum standen wir davor, wussten wir: Dieses Haus hat eine Geschichte, und wir m\u00f6chten ein Teil davon sein. Also entschieden wir uns, es behutsam zur\u00fcck ins Leben zu holen \u2013 und damit unser erstes Airbnb-Projekt zu beginnen.<\/p>\t\t\t\t\t\t\t\t<\/div>\n\t\t\t\t<\/div>\n\t\t\t\t<\/div>\n\t\t<div class=\"elementor-element elementor-element-baa4293 e-grid e-con-full e-con e-child\" data-id=\"baa4293\" data-element_type=\"container\" data-e-type=\"container\">\n\t\t\t\t<div class=\"elementor-element elementor-element-3672de8 elementor-widget elementor-widget-image\" data-id=\"3672de8\" data-element_type=\"widget\" data-e-type=\"widget\" data-widget_type=\"image.default\">\n\t\t\t\t<div class=\"elementor-widget-container\">\n\t\t\t\t\t\t\t\t\t\t\t\t\t\t\t<img loading=\"lazy\" decoding=\"async\" width=\"800\" height=\"533\" src=\"https:\/\/casa-carma.com\/wp-content\/uploads\/2022\/02\/99_CasaCarma_NIK_0667.2_klein-Copy-1024x682.jpg\" class=\"attachment-large size-large wp-image-1454\" alt=\"\" srcset=\"https:\/\/casa-carma.com\/wp-content\/uploads\/2022\/02\/99_CasaCarma_NIK_0667.2_klein-Copy-1024x682.jpg 1024w, https:\/\/casa-carma.com\/wp-content\/uploads\/2022\/02\/99_CasaCarma_NIK_0667.2_klein-Copy-300x200.jpg 300w, https:\/\/casa-carma.com\/wp-content\/uploads\/2022\/02\/99_CasaCarma_NIK_0667.2_klein-Copy-768x511.jpg 768w, https:\/\/casa-carma.com\/wp-content\/uploads\/2022\/02\/99_CasaCarma_NIK_0667.2_klein-Copy-1536x1022.jpg 1536w, https:\/\/casa-carma.com\/wp-content\/uploads\/2022\/02\/99_CasaCarma_NIK_0667.2_klein-Copy-18x12.jpg 18w, https:\/\/casa-carma.com\/wp-content\/uploads\/2022\/02\/99_CasaCarma_NIK_0667.2_klein-Copy.jpg 1543w\" sizes=\"(max-width: 800px) 100vw, 800px\" \/>\t\t\t\t\t\t\t\t\t\t\t\t\t\t\t<\/div>\n\t\t\t\t<\/div>\n\t\t\t\t<div class=\"elementor-element elementor-element-a1b27e2 elementor-widget elementor-widget-text-editor\" data-id=\"a1b27e2\" data-element_type=\"widget\" data-e-type=\"widget\" data-widget_type=\"text-editor.default\">\n\t\t\t\t<div class=\"elementor-widget-container\">\n\t\t\t\t\t\t\t\t\t<p><strong>CARMA<\/strong> besteht aus den Anfangs\u00adbuch\u00adstaben unserer Namen: Carmen, Carlotta, Mario und Matteo. Gleich\u00adzeitig bedeutet es auf Portugiesisch \u201eKarma\u201c \u2013 ein sch\u00f6nes Bild f\u00fcr das, was wir uns hier w\u00fcnschen: einen Ort, an dem sich das Leben leicht anf\u00fchlt, inspirierend, warm und ein bisschen magisch.<\/p><p>Wir hoffen, dass du in Casa Carma genau das findest \u2013 Momente, die gut tun. Zeit, die nachklingt. Und vielleicht die gleiche Liebe f\u00fcr Rhodos, die auch wir hier gefunden haben.<\/p><p><strong>Hab eine wunde\u00adrvolle Zeit und genie\u00dfe jeden Augen\u00adblick.<\/strong><\/p>\t\t\t\t\t\t\t\t<\/div>\n\t\t\t\t<\/div>\n\t\t\t\t<\/div>\n\t\t\t\t<\/div>\n\t\t\t\t<\/div>\n\t\t\t\t<\/div>\n\t\t","protected":false},"excerpt":{"rendered":"<p>Kontakt Unser Casa Carma Team Orga im Vorfeld Franzi ist f\u00fcr euch da, wenn ihr buchen m\u00f6chtet oder eurer Urlaub geplant wird (deutsch und englisch). Mail senden Grund&shy;s\u00e4tzliche Fragen Es gibt etwas, das euch nur Carmen als Eigen\u00adt\u00fcmerin beantworten kann? Schreibt gerne. Mail senden Betreuung vor Ort Sobald ihr anreist, \u00fcbernimmt unsere liebe Despina eure [&hellip;]<\/p>\n","protected":false},"author":1,"featured_media":0,"parent":0,"menu_order":0,"comment_status":"closed","ping_status":"closed","template":"","meta":{"footnotes":""},"class_list":["post-25","page","type-page","status-publish","hentry"],"_links":{"self":[{"href":"https:\/\/casa-carma.com\/en\/wp-json\/wp\/v2\/pages\/25","targetHints":{"allow":["GET"]}}],"collection":[{"href":"https:\/\/casa-carma.com\/en\/wp-json\/wp\/v2\/pages"}],"about":[{"href":"https:\/\/casa-carma.com\/en\/wp-json\/wp\/v2\/types\/page"}],"author":[{"embeddable":true,"href":"https:\/\/casa-carma.com\/en\/wp-json\/wp\/v2\/users\/1"}],"replies":[{"embeddable":true,"href":"https:\/\/casa-carma.com\/en\/wp-json\/wp\/v2\/comments?post=25"}],"version-history":[{"count":145,"href":"https:\/\/casa-carma.com\/en\/wp-json\/wp\/v2\/pages\/25\/revisions"}],"predecessor-version":[{"id":3504,"href":"https:\/\/casa-carma.com\/en\/wp-json\/wp\/v2\/pages\/25\/revisions\/3504"}],"wp:attachment":[{"href":"https:\/\/casa-carma.com\/en\/wp-json\/wp\/v2\/media?parent=25"}],"curies":[{"name":"wp","href":"https:\/\/api.w.org\/{rel}","templated":true}]}}