{"id":1484,"date":"2022-02-19T18:28:02","date_gmt":"2022-02-19T17:28:02","guid":{"rendered":"https:\/\/casa-carma.com\/?page_id=1484"},"modified":"2025-12-19T19:05:13","modified_gmt":"2025-12-19T18:05:13","slug":"datenschutz-casa-carma-villen-rhodes-lachania","status":"publish","type":"page","link":"https:\/\/casa-carma.com\/en\/datenschutz-casa-carma-villen-rhodes-lachania\/","title":{"rendered":"Datenschutz"},"content":{"rendered":"\t\t<div data-elementor-type=\"wp-page\" data-elementor-id=\"1484\" class=\"elementor elementor-1484\" data-elementor-post-type=\"page\">\n\t\t\t\t<div class=\"elementor-element elementor-element-5be997d e-con-full e-flex e-con e-parent\" data-id=\"5be997d\" data-element_type=\"container\" data-e-type=\"container\" data-settings=\"{&quot;background_background&quot;:&quot;classic&quot;}\">\n\t\t<div class=\"elementor-element elementor-element-6ea74fe e-con-full e-flex e-con e-child\" data-id=\"6ea74fe\" data-element_type=\"container\" data-e-type=\"container\" data-settings=\"{&quot;background_background&quot;:&quot;classic&quot;}\">\n\t\t\t\t<div class=\"elementor-element elementor-element-224fea2 elementor-widget elementor-widget-heading\" data-id=\"224fea2\" data-element_type=\"widget\" data-e-type=\"widget\" data-widget_type=\"heading.default\">\n\t\t\t\t<div class=\"elementor-widget-container\">\n\t\t\t\t\t<h1 class=\"elementor-heading-title elementor-size-default\">Datenschutzerkl\u00e4rung<\/h1>\t\t\t\t<\/div>\n\t\t\t\t<\/div>\n\t\t\t\t<\/div>\n\t\t\t\t<\/div>\n\t\t<div class=\"elementor-element elementor-element-21fa3f3 e-flex e-con-boxed e-con e-parent\" data-id=\"21fa3f3\" data-element_type=\"container\" data-e-type=\"container\" data-settings=\"{&quot;background_background&quot;:&quot;classic&quot;}\">\n\t\t\t\t\t<div class=\"e-con-inner\">\n\t\t\t\t<div class=\"elementor-element elementor-element-1e87f6a elementor-widget elementor-widget-text-editor\" data-id=\"1e87f6a\" data-element_type=\"widget\" data-e-type=\"widget\" data-widget_type=\"text-editor.default\">\n\t\t\t\t<div class=\"elementor-widget-container\">\n\t\t\t\t\t\t\t\t\t<p>Der Schutz Ihrer pers\u00f6nlichen Daten ist uns ein wichtiges Anliegen.<\/p><p>Nachfolgend informieren wir Sie dar\u00fcber, welche personenbezogenen Daten beim Besuch dieser Website verarbeitet werden und zu welchem Zweck.<\/p>\t\t\t\t\t\t\t\t<\/div>\n\t\t\t\t<\/div>\n\t\t\t\t<div class=\"elementor-element elementor-element-b7fffb6 elementor-widget elementor-widget-text-editor\" data-id=\"b7fffb6\" data-element_type=\"widget\" data-e-type=\"widget\" data-widget_type=\"text-editor.default\">\n\t\t\t\t<div class=\"elementor-widget-container\">\n\t\t\t\t\t\t\t\t\t<p><strong>1. Verantwortliche Stelle<\/strong><\/p><p>Verantwortlich im Sinne der Datenschutz-Grundverordnung (DSGVO):<\/p><p>Casa Carma Single Member P.C.<br \/>Lachania 113<br \/>85109 Rhodes Dodecanese<br \/>Griechenland<\/p><p>Telefon: +49 151 19613115<br \/>E-Mail: franzi[at]casa-carma.com<br \/>Website: www.casa-carma.com<\/p><p><strong>2. Hosting &amp; Server-Logfiles<\/strong><\/p><p>Diese Website wird bei einem externen Hosting-Anbieter betrieben.<\/p><p>Beim Aufruf der Website werden automatisch folgende Daten erhoben und in Server-Logfiles gespeichert:<\/p><ul><li>IP-Adresse<\/li><li>Datum und Uhrzeit des Zugriffs<\/li><li>Browsertyp und -version<\/li><li>Betriebssystem<\/li><li>Referrer-URL<\/li><\/ul><p>Die Verarbeitung erfolgt zur Sicherstellung eines st\u00f6rungsfreien Betriebs sowie aus Sicherheitsgr\u00fcnden (Art. 6 Abs. 1 lit. f DSGVO).<\/p><p>Eine Zusammenf\u00fchrung dieser Daten mit anderen Datenquellen findet nicht statt.<\/p><p><strong>3. Content-Management-System: WordPress &amp; Elementor<\/strong><\/p><p>Diese Website basiert auf WordPress und nutzt Elementor Pro zur Darstellung von Inhalten.<\/p><p>WordPress und Elementor verarbeiten selbst keine personenbezogenen Daten, k\u00f6nnen jedoch technisch bedingt Daten wie IP-Adressen erfassen, z. B. bei Formular\u00fcbermittlungen oder beim Laden von Inhalten.<\/p><p><strong>4. Cookies &amp; Einwilligungsmanagement (Borlabs Cookie)<\/strong><\/p><p>Diese Website verwendet Borlabs Cookie, um Ihre Einwilligungen zur Speicherung bestimmter Cookies einzuholen und zu dokumentieren.<\/p><p>Borlabs Cookie setzt technisch notwendige Cookies, um:<\/p><ul><li>Ihre Cookie-Einstellungen zu speichern<\/li><li>Einwilligungen DSGVO-konform zu verwalten<\/li><\/ul><p>Rechtsgrundlage:<\/p><ul><li>Art. 6 Abs. 1 lit. c DSGVO (rechtliche Verpflichtung)<\/li><li>Art. 6 Abs. 1 lit. f DSGVO (berechtigtes Interesse an rechtssicherem Betrieb)<\/li><\/ul><p>Details zu den eingesetzten Cookies finden Sie jederzeit im Cookie-Banner.<\/p><p><strong>5. Google Tag Manager<\/strong><\/p><p>Diese Website nutzt den Google Tag Manager.<\/p><p>Der Google Tag Manager selbst verarbeitet keine personenbezogenen Daten, sondern dient ausschlie\u00dflich der Verwaltung von Website-Tags.<\/p><p>Tags werden nur ausgel\u00f6st, wenn Sie \u00fcber das Cookie-Banner Ihre Einwilligung erteilt haben.<\/p><p>Anbieter: Google Ireland Limited, Dublin, Irland<br \/>Rechtsgrundlage: Art. 6 Abs. 1 lit. a DSGVO (Einwilligung)<\/p><p><strong>6. Google Fonts (lokal eingebunden)<\/strong><\/p><p>Auf dieser Website werden Google Fonts lokal eingebunden.<br \/>Es findet keine Verbindung zu Servern von Google statt.<br \/>Dabei werden keine personenbezogenen Daten an Dritte \u00fcbermittelt.<\/p><p><strong>7. Buchungsanbindung \u00fcber Lodgify<\/strong><\/p><p>Zur Abwicklung von Buchungen ist auf dieser Website eine Buchungsfunktion von Lodgify eingebunden.<\/p><p>Bei Nutzung der Buchungsfunktion werden personenbezogene Daten verarbeitet, z. B.:<\/p><ul><li>Name<\/li><li>E-Mail-Adresse<\/li><li>ggf. Telefonnummer<\/li><li>Buchungs- und Zahlungsinformationen<\/li><\/ul><p>Die Verarbeitung erfolgt zur Durchf\u00fchrung vorvertraglicher Ma\u00dfnahmen bzw. zur Vertragserf\u00fcllung (Art. 6 Abs. 1 lit. b DSGVO).<\/p><p>Anbieter: Lodgify S.L., Spanien<br \/>Die Datenverarbeitung erfolgt auf Grundlage eines Auftragsverarbeitungsvertrags.<\/p><p><strong>8. Kontaktaufnahme<\/strong><\/p><p>Bei Kontaktaufnahme per E-Mail oder Formular werden die von Ihnen \u00fcbermittelten Daten ausschlie\u00dflich zur Bearbeitung Ihrer Anfrage verarbeitet.<\/p><p>Rechtsgrundlage:<\/p><ul><li>Art. 6 Abs. 1 lit. b DSGVO (vorvertragliche Ma\u00dfnahmen)<\/li><li>Art. 6 Abs. 1 lit. f DSGVO (berechtigtes Interesse an Kommunikation)<\/li><\/ul><p><strong>9. Mehrsprachigkeit mit TranslatePress<\/strong><\/p><p>Diese Website nutzt TranslatePress zur Bereitstellung mehrsprachiger Inhalte.<br \/>TranslatePress verarbeitet keine personenbezogenen Daten der Besucher.<\/p><p><strong>10. SEO-Plugin Rank Math<\/strong><\/p><p>Zur Suchmaschinenoptimierung wird Rank Math SEO verwendet.<br \/>Das Plugin verarbeitet selbst keine personenbezogenen Daten von Website-Besuchern.<\/p><p><strong>11. Ihre Rechte<\/strong><\/p><p>Sie haben jederzeit das Recht auf:<\/p><ul><li>Auskunft \u00fcber Ihre gespeicherten Daten (Art. 15 DSGVO)<\/li><li>Berichtigung unrichtiger Daten (Art. 16 DSGVO)<\/li><li>L\u00f6schung Ihrer Daten (Art. 17 DSGVO)<\/li><li>Einschr\u00e4nkung der Verarbeitung (Art. 18 DSGVO)<\/li><li>Daten\u00fcbertragbarkeit (Art. 20 DSGVO)<\/li><li>Widerspruch gegen die Verarbeitung (Art. 21 DSGVO)<\/li><\/ul><p>Au\u00dferdem haben Sie das Recht auf Beschwerde bei einer Datenschutzaufsichtsbeh\u00f6rde.<\/p><p><strong>12. Stand der Datenschutzerkl\u00e4rung<\/strong><\/p><p>Stand: Dezember 2025<\/p>\t\t\t\t\t\t\t\t<\/div>\n\t\t\t\t<\/div>\n\t\t\t\t\t<\/div>\n\t\t\t\t<\/div>\n\t\t\t\t<\/div>\n\t\t","protected":false},"excerpt":{"rendered":"<p>Datenschutzerkl\u00e4rung Der Schutz Ihrer pers\u00f6nlichen Daten ist uns ein wichtiges Anliegen. Nachfolgend informieren wir Sie dar\u00fcber, welche personenbezogenen Daten beim Besuch dieser Website verarbeitet werden und zu welchem Zweck. 1. Verantwortliche Stelle Verantwortlich im Sinne der Datenschutz-Grundverordnung (DSGVO): Casa Carma Single Member P.C.Lachania 11385109 Rhodes DodecaneseGriechenland Telefon: +49 151 19613115E-Mail: franzi[at]casa-carma.comWebsite: www.casa-carma.com 2. Hosting &amp; [&hellip;]<\/p>\n","protected":false},"author":1,"featured_media":0,"parent":0,"menu_order":0,"comment_status":"closed","ping_status":"closed","template":"","meta":{"footnotes":""},"class_list":["post-1484","page","type-page","status-publish","hentry"],"_links":{"self":[{"href":"https:\/\/casa-carma.com\/en\/wp-json\/wp\/v2\/pages\/1484","targetHints":{"allow":["GET"]}}],"collection":[{"href":"https:\/\/casa-carma.com\/en\/wp-json\/wp\/v2\/pages"}],"about":[{"href":"https:\/\/casa-carma.com\/en\/wp-json\/wp\/v2\/types\/page"}],"author":[{"embeddable":true,"href":"https:\/\/casa-carma.com\/en\/wp-json\/wp\/v2\/users\/1"}],"replies":[{"embeddable":true,"href":"https:\/\/casa-carma.com\/en\/wp-json\/wp\/v2\/comments?post=1484"}],"version-history":[{"count":54,"href":"https:\/\/casa-carma.com\/en\/wp-json\/wp\/v2\/pages\/1484\/revisions"}],"predecessor-version":[{"id":3523,"href":"https:\/\/casa-carma.com\/en\/wp-json\/wp\/v2\/pages\/1484\/revisions\/3523"}],"wp:attachment":[{"href":"https:\/\/casa-carma.com\/en\/wp-json\/wp\/v2\/media?parent=1484"}],"curies":[{"name":"wp","href":"https:\/\/api.w.org\/{rel}","templated":true}]}}